{"id":157,"date":"2022-01-22T13:55:05","date_gmt":"2022-01-22T12:55:05","guid":{"rendered":"https:\/\/www.koechl.org\/?page_id=157"},"modified":"2022-08-03T19:45:31","modified_gmt":"2022-08-03T18:45:31","slug":"startseite","status":"publish","type":"page","link":"https:\/\/www.koechl.org\/","title":{"rendered":""},"content":{"rendered":"\n<p class=\"has-text-align-center\" id=\"ueberuns\"><mark style=\"background-color:rgba(0, 0, 0, 0)\" class=\"has-inline-color has-white-color\">\u00dcber uns<\/mark><\/p>\n\n\n\n<p><\/p>\n\n\n\n<h2 class=\"has-text-align-center wp-block-heading\" id=\"uber-uns\"><mark style=\"background-color:rgba(0, 0, 0, 0)\" class=\"has-inline-color has-black-color\"><strong>\u00dcber uns<\/strong><\/mark><\/h2>\n\n\n<div class=\"wp-block-image is-style-rounded\">\n<figure class=\"aligncenter size-large is-resized\"><img loading=\"lazy\" decoding=\"async\" src=\"https:\/\/www.koechl.org\/wp-content\/uploads\/2022\/01\/IMG_6741_circular_white_bg-1024x1024.jpg\" alt=\"\" class=\"wp-image-7\" width=\"395\" height=\"395\" srcset=\"https:\/\/www.koechl.org\/wp-content\/uploads\/2022\/01\/IMG_6741_circular_white_bg-1024x1024.jpg 1024w, https:\/\/www.koechl.org\/wp-content\/uploads\/2022\/01\/IMG_6741_circular_white_bg-300x300.jpg 300w, https:\/\/www.koechl.org\/wp-content\/uploads\/2022\/01\/IMG_6741_circular_white_bg-150x150.jpg 150w, https:\/\/www.koechl.org\/wp-content\/uploads\/2022\/01\/IMG_6741_circular_white_bg-768x768.jpg 768w, https:\/\/www.koechl.org\/wp-content\/uploads\/2022\/01\/IMG_6741_circular_white_bg.jpg 1106w\" sizes=\"auto, (max-width: 395px) 100vw, 395px\" \/><\/figure>\n<\/div>\n\n\n<p class=\"has-text-align-center\">Als&nbsp;<em>allgemein beeideter und gerichtlich zertifizierter Sachverst\u00e4ndiger<\/em>&nbsp;f\u00fchren wir f\u00fcr Versicherungsgesellschaften und Gerichte Begutachtungen f\u00fcr die Bereiche&nbsp;<strong>Nachrichten- und Elektrotechnik<\/strong>&nbsp;durch. Der besondere Schwerpunkt liegt hier bei der Erstellung von Gutachten zu Blitz-, \u00dcberspannungs- und Wassersch\u00e4den an elektronischen und elektrischen Ger\u00e4ten.<\/p>\n\n\n\n<p><\/p>\n\n\n\n<hr class=\"wp-block-separator has-css-opacity\"\/>\n\n\n\n<h2 class=\"has-text-align-center wp-block-heading\" id=\"Ingenieurbuero\"><strong>Ingenieurb\u00fcro f\u00fcr Elektrotechnik<\/strong><\/h2>\n\n\n\n<p id=\"ingenierbuero\">   <\/p>\n\n\n\n<p><\/p>\n\n\n<div class=\"wp-block-image is-style-rounded\">\n<figure class=\"aligncenter size-large is-resized\"><img loading=\"lazy\" decoding=\"async\" src=\"https:\/\/www.koechl.org\/wp-content\/uploads\/2022\/01\/ingbuero_neu_transparent-1024x567.png\" alt=\"\" class=\"wp-image-11\" width=\"498\" height=\"276\" srcset=\"https:\/\/www.koechl.org\/wp-content\/uploads\/2022\/01\/ingbuero_neu_transparent-1024x567.png 1024w, https:\/\/www.koechl.org\/wp-content\/uploads\/2022\/01\/ingbuero_neu_transparent-300x166.png 300w, https:\/\/www.koechl.org\/wp-content\/uploads\/2022\/01\/ingbuero_neu_transparent-768x425.png 768w, https:\/\/www.koechl.org\/wp-content\/uploads\/2022\/01\/ingbuero_neu_transparent.png 1407w\" sizes=\"auto, (max-width: 498px) 100vw, 498px\" \/><\/figure>\n<\/div>\n\n\n<p>  <\/p>\n\n\n<div class=\"wp-block-image is-style-default\">\n<figure class=\"aligncenter size-full is-resized\"><a href=\"https:\/\/firmen.wko.at\/Web\/DetailsKontakt.aspx?FirmaID=75332659-df50-4d2d-b620-7aa9c2d6bb7d&amp;StandortID=2034&amp;StandortName=St.+Veit+an+der+Glan+(Gemeinde)&amp;Suchbegriff=k%C3%B6chl&amp;Page=1\" target=\"_blank\" rel=\"noopener\"><img loading=\"lazy\" decoding=\"async\" src=\"https:\/\/www.koechl.org\/wp-content\/uploads\/2022\/01\/logo-wko.png\" alt=\"\" class=\"wp-image-91\" width=\"133\" height=\"31\" srcset=\"https:\/\/www.koechl.org\/wp-content\/uploads\/2022\/01\/logo-wko.png 480w, https:\/\/www.koechl.org\/wp-content\/uploads\/2022\/01\/logo-wko-300x71.png 300w, https:\/\/www.koechl.org\/wp-content\/uploads\/2022\/01\/logo-wko-476x113.png 476w\" sizes=\"auto, (max-width: 133px) 100vw, 133px\" \/><\/a><\/figure>\n<\/div>\n\n\n<p><\/p>\n\n\n\n<p class=\"has-text-align-center\"><a href=\"https:\/\/firmen.wko.at\/Web\/DetailsKontakt.aspx?FirmaID=75332659-df50-4d2d-b620-7aa9c2d6bb7d&amp;StandortID=2034&amp;StandortName=St.+Veit+an+der+Glan+(Gemeinde)&amp;Suchbegriff=k%C3%B6chl&amp;Page=1\" target=\"_blank\" rel=\"noreferrer noopener\">Firmen A-Z<\/a><\/p>\n\n\n\n<p class=\"has-text-align-center\">Unser Aufgabengebiet erstreckt sich auf die \u00dcberpr\u00fcfung von elektrischen Ger\u00e4ten im allgemeinen Bereich. Diese \u00dcberpr\u00fcfungen werden nach der \u00d6VE\/\u00d6NORM E 8701-1 durchgef\u00fchrt. Der Schwerpunkt liegt darin, die elektrische Sicherheit und deren Ausr\u00fcstungen sowie den Brandschutz von elektrischen Ger\u00e4ten zu Gew\u00e4hrleisten.<\/p>\n\n\n\n<hr class=\"wp-block-separator has-css-opacity\"\/>\n\n\n\n<h2 class=\"has-text-align-center wp-block-heading\" id=\"Sachverstaendiger\"><strong>Sachverst\u00e4ndiger f\u00fcr Elektrotechnik<\/strong><\/h2>\n\n\n\n<p class=\"has-text-align-center\">Als &#8222;allgemein beeideter und gerichtlich zertifizierter Sachverst\u00e4ndiger&#8220; erstellen wir im Bereich der Elektrotechnik&nbsp;<strong>Gutachten<\/strong>&nbsp;f\u00fcr&#8230;<\/p>\n\n\n\n<div class=\"wp-block-columns alignfull has-text-color has-background is-layout-flex wp-container-core-columns-is-layout-9d6595d7 wp-block-columns-is-layout-flex\" style=\"background-color:#ffffff;color:#000000\">\n<div class=\"wp-block-column is-layout-flow wp-block-column-is-layout-flow\">\n<h4 class=\"has-text-align-center wp-block-heading\" id=\"versicherungen\" style=\"font-size:23px;line-height:1.3\">Versicherungen<\/h4>\n\n\n<div class=\"wp-block-image is-style-rounded\">\n<figure class=\"aligncenter size-full\"><img loading=\"lazy\" decoding=\"async\" width=\"130\" height=\"130\" src=\"https:\/\/www.koechl.org\/wp-content\/uploads\/2022\/01\/bulding.png\" alt=\"\" class=\"wp-image-160\" srcset=\"https:\/\/www.koechl.org\/wp-content\/uploads\/2022\/01\/bulding.png 130w, https:\/\/www.koechl.org\/wp-content\/uploads\/2022\/01\/bulding-70x70.png 70w, https:\/\/www.koechl.org\/wp-content\/uploads\/2022\/01\/bulding-127x127.png 127w, https:\/\/www.koechl.org\/wp-content\/uploads\/2022\/01\/bulding-125x125.png 125w, https:\/\/www.koechl.org\/wp-content\/uploads\/2022\/01\/bulding-116x116.png 116w\" sizes=\"auto, (max-width: 130px) 100vw, 130px\" \/><\/figure>\n<\/div>\n\n\n<p class=\"has-text-align-center\"> <strong>Gutachten<\/strong>&nbsp;f\u00fcr Blitzsch\u00e4den, Wassersch\u00e4den, Brandsch\u00e4den, Haftpflichtsch\u00e4den<\/p>\n<\/div>\n\n\n\n<div class=\"wp-block-column is-layout-flow wp-block-column-is-layout-flow\">\n<h4 class=\"has-text-align-center wp-block-heading\" id=\"privatpersonen\" style=\"font-size:23px;line-height:1.3\">Privatpersonen<\/h4>\n\n\n<div class=\"wp-block-image is-style-rounded\">\n<figure class=\"aligncenter size-full\"><img loading=\"lazy\" decoding=\"async\" width=\"130\" height=\"130\" src=\"https:\/\/www.koechl.org\/wp-content\/uploads\/2022\/01\/privatpersonen.png\" alt=\"\" class=\"wp-image-162\" srcset=\"https:\/\/www.koechl.org\/wp-content\/uploads\/2022\/01\/privatpersonen.png 130w, https:\/\/www.koechl.org\/wp-content\/uploads\/2022\/01\/privatpersonen-70x70.png 70w, https:\/\/www.koechl.org\/wp-content\/uploads\/2022\/01\/privatpersonen-127x127.png 127w, https:\/\/www.koechl.org\/wp-content\/uploads\/2022\/01\/privatpersonen-125x125.png 125w, https:\/\/www.koechl.org\/wp-content\/uploads\/2022\/01\/privatpersonen-116x116.png 116w\" sizes=\"auto, (max-width: 130px) 100vw, 130px\" \/><\/figure>\n<\/div>\n\n\n<p class=\"has-text-align-center\">Wir erstellen&nbsp;<strong>Privatgutachten<\/strong>&nbsp;<br>mit durch jahrelanger Erfahrung gewonnener Akribie und Pr\u00e4zision.<\/p>\n<\/div>\n\n\n\n<div class=\"wp-block-column is-layout-flow wp-block-column-is-layout-flow\">\n<h4 class=\"has-text-align-center wp-block-heading\" id=\"gerichte-behorden\" style=\"font-size:23px;line-height:1.3\">Gerichte &amp; Beh\u00f6rden<\/h4>\n\n\n<div class=\"wp-block-image is-style-rounded\">\n<figure class=\"aligncenter size-full\"><img loading=\"lazy\" decoding=\"async\" width=\"130\" height=\"130\" src=\"https:\/\/www.koechl.org\/wp-content\/uploads\/2022\/01\/Gerichte.png\" alt=\"\" class=\"wp-image-161\" srcset=\"https:\/\/www.koechl.org\/wp-content\/uploads\/2022\/01\/Gerichte.png 130w, https:\/\/www.koechl.org\/wp-content\/uploads\/2022\/01\/Gerichte-70x70.png 70w, https:\/\/www.koechl.org\/wp-content\/uploads\/2022\/01\/Gerichte-127x127.png 127w, https:\/\/www.koechl.org\/wp-content\/uploads\/2022\/01\/Gerichte-125x125.png 125w, https:\/\/www.koechl.org\/wp-content\/uploads\/2022\/01\/Gerichte-116x116.png 116w\" sizes=\"auto, (max-width: 130px) 100vw, 130px\" \/><\/figure>\n<\/div>\n\n\n<p>Auch&nbsp;<strong>Gutachten f\u00fcr Gerichte und Beh\u00f6rden<\/strong>&nbsp;werden von uns entworfen.<\/p>\n<\/div>\n<\/div>\n\n\n\n<p>   <\/p>\n\n\n\n<h3 class=\"has-text-align-center wp-block-heading\" id=\"ziel-ist-die\">Ziel ist die . . .<\/h3>\n\n\n\n<div class=\"wp-block-columns alignfull has-text-color has-background is-layout-flex wp-container-core-columns-is-layout-9d6595d7 wp-block-columns-is-layout-flex\" style=\"background-color:#ffffff;color:#000000\">\n<div class=\"wp-block-column is-layout-flow wp-block-column-is-layout-flow\"><div class=\"wp-block-image is-style-rounded\">\n<figure class=\"aligncenter size-full\"><img loading=\"lazy\" decoding=\"async\" width=\"130\" height=\"130\" src=\"https:\/\/www.koechl.org\/wp-content\/uploads\/2022\/01\/feststellung.png\" alt=\"\" class=\"wp-image-173\" srcset=\"https:\/\/www.koechl.org\/wp-content\/uploads\/2022\/01\/feststellung.png 130w, https:\/\/www.koechl.org\/wp-content\/uploads\/2022\/01\/feststellung-70x70.png 70w, https:\/\/www.koechl.org\/wp-content\/uploads\/2022\/01\/feststellung-127x127.png 127w, https:\/\/www.koechl.org\/wp-content\/uploads\/2022\/01\/feststellung-125x125.png 125w, https:\/\/www.koechl.org\/wp-content\/uploads\/2022\/01\/feststellung-116x116.png 116w\" sizes=\"auto, (max-width: 130px) 100vw, 130px\" \/><\/figure>\n<\/div>\n\n\n<p class=\"has-text-align-center\">Feststellung der genauen Schadensursache (eventuelle Regressm\u00f6glichkeiten)<\/p>\n<\/div>\n\n\n\n<div class=\"wp-block-column is-layout-flow wp-block-column-is-layout-flow\"><div class=\"wp-block-image is-style-rounded\">\n<figure class=\"aligncenter size-full\"><img loading=\"lazy\" decoding=\"async\" width=\"130\" height=\"130\" src=\"https:\/\/www.koechl.org\/wp-content\/uploads\/2022\/01\/Berechnung.png\" alt=\"\" class=\"wp-image-172\" srcset=\"https:\/\/www.koechl.org\/wp-content\/uploads\/2022\/01\/Berechnung.png 130w, https:\/\/www.koechl.org\/wp-content\/uploads\/2022\/01\/Berechnung-70x70.png 70w, https:\/\/www.koechl.org\/wp-content\/uploads\/2022\/01\/Berechnung-127x127.png 127w, https:\/\/www.koechl.org\/wp-content\/uploads\/2022\/01\/Berechnung-125x125.png 125w, https:\/\/www.koechl.org\/wp-content\/uploads\/2022\/01\/Berechnung-116x116.png 116w\" sizes=\"auto, (max-width: 130px) 100vw, 130px\" \/><\/figure>\n<\/div>\n\n\n<p class=\"has-text-align-center\">Berechnung der kausalen Wiederherstellungskosten<\/p>\n<\/div>\n\n\n\n<div class=\"wp-block-column is-layout-flow wp-block-column-is-layout-flow\"><div class=\"wp-block-image is-style-rounded\">\n<figure class=\"aligncenter size-full\"><img loading=\"lazy\" decoding=\"async\" width=\"130\" height=\"130\" src=\"https:\/\/www.koechl.org\/wp-content\/uploads\/2022\/01\/Ausarbeitung.png\" alt=\"\" class=\"wp-image-171\" srcset=\"https:\/\/www.koechl.org\/wp-content\/uploads\/2022\/01\/Ausarbeitung.png 130w, https:\/\/www.koechl.org\/wp-content\/uploads\/2022\/01\/Ausarbeitung-70x70.png 70w, https:\/\/www.koechl.org\/wp-content\/uploads\/2022\/01\/Ausarbeitung-127x127.png 127w, https:\/\/www.koechl.org\/wp-content\/uploads\/2022\/01\/Ausarbeitung-125x125.png 125w, https:\/\/www.koechl.org\/wp-content\/uploads\/2022\/01\/Ausarbeitung-116x116.png 116w\" sizes=\"auto, (max-width: 130px) 100vw, 130px\" \/><\/figure>\n<\/div>\n\n\n<p class=\"has-text-align-center\">Ausarbeitung sowie die Schadensregulierung<\/p>\n<\/div>\n<\/div>\n\n\n\n<h4 class=\"has-text-align-center wp-block-heading\" id=\"wir-sind-fur-folgende-fachgebiete-eingetragen\">Wir sind f\u00fcr folgende Fachgebiete eingetragen<\/h4>\n\n\n\n<ul class=\"wp-block-list\"><li>65.30 Elektrische Haushaltsger\u00e4te, B\u00fcroger\u00e4te, Elektrospielzeug<\/li><li>66.30 Telefonie, Fernschreiben, Spezialisierung &#8211; mobile Kommunikation (Mobiltelefonie)<\/li><li>08.50 Brandermittlung, Explosionsermittlung, Spezialisierung &#8211; Elektrotechnik<\/li><\/ul>\n\n\n\n<p><\/p>\n\n\n\n<hr class=\"wp-block-separator has-css-opacity\"\/>\n\n\n\n<h2 class=\"has-text-align-center wp-block-heading\" id=\"sachverstandiger-fur-brandursachenermittlung\"><strong>Sachverst\u00e4ndiger f\u00fcr Brandursachenermittlung<\/strong><\/h2>\n\n\n\n<p class=\"has-text-align-center\">Die Brandursachenermittlung hat die Aufgabe, die brandausl\u00f6senden Z\u00fcndquellen, vorurteilsfrei zu ermitteln. Dazu ist ein umfangreiches Wissen \u00fcber den Verbrennungsprozess, das Brandverhalten von Stoffen und Bauteilen sowie die Brandspuren erforderlich. Die Brandursache ist die kausale Voraussetzung f\u00fcr die Entstehung eines Brandes und kann in nat\u00fcrliche, technische (elektrische), chemische, biologische und sonstige Ursachen unterteilt werden. Sie ist an das r\u00e4umliche \u2013 zeitliche Aufeinandertreffen eines &#8222;brennbaren Stoffes&#8220; bei Anwesenheit und &#8222;Luft, Sauerstoff und einer Z\u00fcndquelle&#8220; gebunden.<\/p>\n\n\n\n<p class=\"has-text-align-center\">Wir haben uns als Sachverst\u00e4ndigenb\u00fcro und Brandursachenermittlung im Bereich der Elektrotechnik sowie f\u00fcr elektrische Ger\u00e4te spezialisiert.<\/p>\n\n\n\n<figure class=\"wp-block-gallery has-nested-images columns-3 is-cropped wp-block-gallery-1 is-layout-flex wp-block-gallery-is-layout-flex\">\n<figure class=\"wp-block-image size-large is-style-default\"><img loading=\"lazy\" decoding=\"async\" width=\"1024\" height=\"1024\" data-id=\"385\" src=\"https:\/\/www.koechl.org\/wp-content\/uploads\/2022\/01\/patronen_quadrat-1024x1024.jpg\" alt=\"\" class=\"wp-image-385\" srcset=\"https:\/\/www.koechl.org\/wp-content\/uploads\/2022\/01\/patronen_quadrat-1024x1024.jpg 1024w, https:\/\/www.koechl.org\/wp-content\/uploads\/2022\/01\/patronen_quadrat-300x300.jpg 300w, https:\/\/www.koechl.org\/wp-content\/uploads\/2022\/01\/patronen_quadrat-150x150.jpg 150w, https:\/\/www.koechl.org\/wp-content\/uploads\/2022\/01\/patronen_quadrat-768x768.jpg 768w, https:\/\/www.koechl.org\/wp-content\/uploads\/2022\/01\/patronen_quadrat-1536x1536.jpg 1536w, https:\/\/www.koechl.org\/wp-content\/uploads\/2022\/01\/patronen_quadrat-2048x2048.jpg 2048w, https:\/\/www.koechl.org\/wp-content\/uploads\/2022\/01\/patronen_quadrat-116x116.jpg 116w\" sizes=\"auto, (max-width: 1024px) 100vw, 1024px\" \/><\/figure>\n\n\n\n<figure class=\"wp-block-image size-large is-style-default\"><img loading=\"lazy\" decoding=\"async\" width=\"1024\" height=\"1024\" data-id=\"386\" src=\"https:\/\/www.koechl.org\/wp-content\/uploads\/2022\/01\/wasserleitung_quadrat-1024x1024.jpg\" alt=\"\" class=\"wp-image-386\" srcset=\"https:\/\/www.koechl.org\/wp-content\/uploads\/2022\/01\/wasserleitung_quadrat-1024x1024.jpg 1024w, https:\/\/www.koechl.org\/wp-content\/uploads\/2022\/01\/wasserleitung_quadrat-300x300.jpg 300w, https:\/\/www.koechl.org\/wp-content\/uploads\/2022\/01\/wasserleitung_quadrat-150x150.jpg 150w, https:\/\/www.koechl.org\/wp-content\/uploads\/2022\/01\/wasserleitung_quadrat-768x768.jpg 768w, https:\/\/www.koechl.org\/wp-content\/uploads\/2022\/01\/wasserleitung_quadrat-1536x1536.jpg 1536w, https:\/\/www.koechl.org\/wp-content\/uploads\/2022\/01\/wasserleitung_quadrat-2048x2048.jpg 2048w, https:\/\/www.koechl.org\/wp-content\/uploads\/2022\/01\/wasserleitung_quadrat-116x116.jpg 116w\" sizes=\"auto, (max-width: 1024px) 100vw, 1024px\" \/><\/figure>\n\n\n\n<figure class=\"wp-block-image size-large is-style-default\"><img loading=\"lazy\" decoding=\"async\" width=\"1024\" height=\"1024\" data-id=\"383\" src=\"https:\/\/www.koechl.org\/wp-content\/uploads\/2022\/01\/car_quadrat-1024x1024.jpg\" alt=\"\" class=\"wp-image-383\" srcset=\"https:\/\/www.koechl.org\/wp-content\/uploads\/2022\/01\/car_quadrat-1024x1024.jpg 1024w, https:\/\/www.koechl.org\/wp-content\/uploads\/2022\/01\/car_quadrat-300x300.jpg 300w, https:\/\/www.koechl.org\/wp-content\/uploads\/2022\/01\/car_quadrat-150x150.jpg 150w, https:\/\/www.koechl.org\/wp-content\/uploads\/2022\/01\/car_quadrat-768x768.jpg 768w, https:\/\/www.koechl.org\/wp-content\/uploads\/2022\/01\/car_quadrat-1536x1536.jpg 1536w, https:\/\/www.koechl.org\/wp-content\/uploads\/2022\/01\/car_quadrat-2048x2048.jpg 2048w, https:\/\/www.koechl.org\/wp-content\/uploads\/2022\/01\/car_quadrat-116x116.jpg 116w\" sizes=\"auto, (max-width: 1024px) 100vw, 1024px\" \/><\/figure>\n<\/figure>\n\n\n\n<h2 class=\"has-text-align-center wp-block-heading\" id=\"Einsatzgebiete\"><strong>Einsatzgebiete<\/strong><\/h2>\n\n\n\n<p class=\"has-text-align-center\">Wir operieren in K\u00e4rnten, Osttirol und der S\u00fcdsteiermark<\/p>\n\n\n<div class=\"wp-block-image is-style-rounded\">\n<figure class=\"aligncenter size-large is-resized\"><img loading=\"lazy\" decoding=\"async\" src=\"https:\/\/www.koechl.org\/wp-content\/uploads\/2022\/01\/Einsatzbereich_Vektor-1024x586.png\" alt=\"\" class=\"wp-image-8\" width=\"840\" height=\"480\" srcset=\"https:\/\/www.koechl.org\/wp-content\/uploads\/2022\/01\/Einsatzbereich_Vektor-1024x586.png 1024w, https:\/\/www.koechl.org\/wp-content\/uploads\/2022\/01\/Einsatzbereich_Vektor-300x172.png 300w, https:\/\/www.koechl.org\/wp-content\/uploads\/2022\/01\/Einsatzbereich_Vektor-768x440.png 768w, https:\/\/www.koechl.org\/wp-content\/uploads\/2022\/01\/Einsatzbereich_Vektor-1536x879.png 1536w, https:\/\/www.koechl.org\/wp-content\/uploads\/2022\/01\/Einsatzbereich_Vektor-1568x897.png 1568w, https:\/\/www.koechl.org\/wp-content\/uploads\/2022\/01\/Einsatzbereich_Vektor.png 1915w\" sizes=\"auto, (max-width: 840px) 100vw, 840px\" \/><\/figure>\n<\/div>\n\n\n<h2 class=\"has-text-align-center wp-block-heading\" id=\"Kontakt\"><strong>Kontakt<\/strong><\/h2>\n\n\n\n<p class=\"has-text-align-center\">Wir melden uns so schnell wie m\u00f6glich.<\/p>\n\n\n\n<div class=\"wp-block-columns is-layout-flex wp-container-core-columns-is-layout-9d6595d7 wp-block-columns-is-layout-flex\">\n<div class=\"wp-block-column is-layout-flow wp-block-column-is-layout-flow\">\n<div class=\"wp-block-columns is-layout-flex wp-container-core-columns-is-layout-9d6595d7 wp-block-columns-is-layout-flex\">\n<div class=\"wp-block-column is-layout-flow wp-block-column-is-layout-flow\" style=\"flex-basis:33.33%\">\n<p class=\"has-text-align-right\"><mark style=\"background-color:rgba(0, 0, 0, 0)\" class=\"has-inline-color has-vivid-red-color\"><strong>Adresse:<\/strong><\/mark><\/p>\n<\/div>\n\n\n\n<div class=\"wp-block-column is-layout-flow wp-block-column-is-layout-flow\" style=\"flex-basis:66.66%\">\n<p>Zweiggasse 10 <br>9020 Klagenfurt am W\u00f6rthersee<\/p>\n\n\n\n<p><\/p>\n<\/div>\n<\/div>\n<\/div>\n\n\n\n<div class=\"wp-block-column is-layout-flow wp-block-column-is-layout-flow\">\n<div class=\"wp-block-columns is-layout-flex wp-container-core-columns-is-layout-9d6595d7 wp-block-columns-is-layout-flex\">\n<div class=\"wp-block-column is-layout-flow wp-block-column-is-layout-flow\">\n<p class=\"has-text-align-right\"><mark style=\"background-color:rgba(0, 0, 0, 0)\" class=\"has-inline-color has-vivid-red-color\"><strong>e-mail<\/strong>:<\/mark><\/p>\n\n\n\n<p class=\"has-text-align-right has-vivid-red-color has-text-color\"><strong>mobil:<\/strong><\/p>\n<\/div>\n\n\n\n<div class=\"wp-block-column is-layout-flow wp-block-column-is-layout-flow\">\n<p><a href=\"mailto:office@koechl.org\">office@koechl.org<\/a><\/p>\n\n\n\n<p>+43 676 5510200<\/p>\n<\/div>\n<\/div>\n\n\n\n<p><\/p>\n<\/div>\n<\/div>\n\n\n\n<div class=\"wp-block-buttons is-horizontal is-content-justification-center is-layout-flex wp-container-core-buttons-is-layout-499968f5 wp-block-buttons-is-layout-flex\"><\/div>\n\n\n<form  class=\"kaliforms-form-container bootstrap-wrapper rounded-borders \" data-form-id=\"123\" style=\"opacity:0\"><h3>Anfrage<\/h3><div id=\"kaliforms-global-error-message-123\" class=\"global-error-message\"><\/div><div class=\"row kali-form-field-row\"><div class=\"col-12 col-md-4 \"><label  for=\"first-name\">Name (erforderlich) <span class=\"kali-required-mark\">*<\/span><\/label><input  data-internal-id=\"textbox2\" type=\"text\" id=\"first-name\" name=\"first-name\" data-properties.type=\"text\" required ><\/div><div class=\"col-12 col-md-4 \"><label  for=\"email\">Email (erforderlich) <span class=\"kali-required-mark\">*<\/span><\/label><input  data-internal-id=\"textbox4\" type=\"text\" id=\"email\" name=\"email\" data-properties.type=\"text\" required ><\/div><div class=\"col-12 col-md-4 \"><label  for=\"textbox8\">Betreff<\/label><input  data-internal-id=\"textbox8\" type=\"text\" id=\"textbox8\" name=\"betreff\" data-properties.type=\"text\" ><\/div><\/div><div class=\"row kali-form-field-row\"><div class=\"col-12 col-md-12 \"><label  for=\"message\">Nachricht <span class=\"kali-required-mark\">*<\/span><\/label><textarea  data-internal-id=\"textarea5\" type=\"textarea\" id=\"message\" name=\"message\"required  rows=\"5\" class=\"input\"><\/textarea><\/div><\/div><div class=\"row kali-form-field-row\"><div class=\"col-12 col-md-3 offset-md-9\"><input  data-internal-id=\"submitbutton6\" type=\"submit\" id=\"submit\" data-style=\"btn red rounded press-me\"  class=\"input btn red rounded press-me\" value=\"Absenden\" ><\/div><\/div><!-- This form was built using Kali Forms --><\/form>\n\n\n\n<hr class=\"wp-block-separator has-css-opacity\"\/>\n\n\n\n<div class=\"wp-block-columns is-layout-flex wp-container-core-columns-is-layout-9d6595d7 wp-block-columns-is-layout-flex\">\n<div class=\"wp-block-column is-layout-flow wp-block-column-is-layout-flow\" style=\"flex-basis:25%\">\n<h3 class=\"wp-block-heading\" id=\"impressum\"><strong>Impressum<\/strong><\/h3>\n\n\n\n<p><strong>Ing. G\u00fcnther K\u00f6chl<\/strong><br>Ingenieurb\u00fcro f\u00fcr Elektrotechnik (Sachverst\u00e4ndigenb\u00fcro)<br><br>Zweiggasse 10<br>9020 Klagenfurt am W\u00f6rthersee<\/p>\n\n\n\n<p><br>Mobil: +43 676 5510200<br>Email: office@koechl.org<\/p>\n\n\n\n<p>UID-Nr.: ATU43504301<\/p>\n<\/div>\n\n\n\n<div class=\"wp-block-column is-layout-flow wp-block-column-is-layout-flow\" style=\"flex-basis:50%\"><\/div>\n\n\n\n<div class=\"wp-block-column is-layout-flow wp-block-column-is-layout-flow\" style=\"flex-basis:25%\">\n<h3 class=\"wp-block-heading\" id=\"agbs\"><strong>AGBs<\/strong><\/h3>\n\n\n\n<p><a href=\"https:\/\/www.koechl.org\/wp-content\/uploads\/2022\/01\/agb-ingenieurbueros-business-to-business.pdf\" target=\"_blank\" rel=\"noreferrer noopener\">AGB Ingenieurb\u00fcro (Business to Business)<\/a><\/p>\n\n\n\n<p><a href=\"https:\/\/www.koechl.org\/wp-content\/uploads\/2022\/01\/agb-ingenieurbueros-business-to-customer.pdf\" target=\"_blank\" rel=\"noreferrer noopener\">AGB Ingenieurb\u00fcro (Business to Customer)<\/a><\/p>\n\n\n\n<p><a href=\"https:\/\/www.koechl.org\/wp-content\/uploads\/2022\/01\/AGB_Sachverstaendigentaetigkeit.pdf\" target=\"_blank\" rel=\"noreferrer noopener\">AGB Sacherverst\u00e4ndiger<\/a><\/p>\n\n\n\n<p><a href=\"https:\/\/www.koechl.org\/wp-content\/uploads\/2022\/01\/Datenschutzerklaerung.pdf\" target=\"_blank\" rel=\"noreferrer noopener\">Datenschutzerkl\u00e4rung<\/a><\/p>\n<\/div>\n<\/div>\n","protected":false},"excerpt":{"rendered":"<p>\u00dcber uns \u00dcber uns Als&nbsp;allgemein beeideter und gerichtlich zertifizierter Sachverst\u00e4ndiger&nbsp;f\u00fchren wir f\u00fcr Versicherungsgesellschaften und Gerichte Begutachtungen f\u00fcr die Bereiche&nbsp;Nachrichten- und Elektrotechnik&nbsp;durch. Der besondere Schwerpunkt liegt hier bei der Erstellung von Gutachten zu Blitz-, \u00dcberspannungs- und Wassersch\u00e4den an elektronischen und elektrischen Ger\u00e4ten. Ingenieurb\u00fcro f\u00fcr Elektrotechnik Firmen A-Z Unser Aufgabengebiet erstreckt sich auf die \u00dcberpr\u00fcfung von elektrischen [&hellip;]<\/p>\n","protected":false},"author":2,"featured_media":0,"parent":0,"menu_order":0,"comment_status":"closed","ping_status":"closed","template":"","meta":{"footnotes":""},"class_list":["post-157","page","type-page","status-publish","hentry"],"_links":{"self":[{"href":"https:\/\/www.koechl.org\/index.php?rest_route=\/wp\/v2\/pages\/157","targetHints":{"allow":["GET"]}}],"collection":[{"href":"https:\/\/www.koechl.org\/index.php?rest_route=\/wp\/v2\/pages"}],"about":[{"href":"https:\/\/www.koechl.org\/index.php?rest_route=\/wp\/v2\/types\/page"}],"author":[{"embeddable":true,"href":"https:\/\/www.koechl.org\/index.php?rest_route=\/wp\/v2\/users\/2"}],"replies":[{"embeddable":true,"href":"https:\/\/www.koechl.org\/index.php?rest_route=%2Fwp%2Fv2%2Fcomments&post=157"}],"version-history":[{"count":72,"href":"https:\/\/www.koechl.org\/index.php?rest_route=\/wp\/v2\/pages\/157\/revisions"}],"predecessor-version":[{"id":424,"href":"https:\/\/www.koechl.org\/index.php?rest_route=\/wp\/v2\/pages\/157\/revisions\/424"}],"wp:attachment":[{"href":"https:\/\/www.koechl.org\/index.php?rest_route=%2Fwp%2Fv2%2Fmedia&parent=157"}],"curies":[{"name":"wp","href":"https:\/\/api.w.org\/{rel}","templated":true}]}}